{"id":1490,"date":"2022-01-21T23:31:00","date_gmt":"2022-01-21T23:31:00","guid":{"rendered":"https:\/\/jmkride-colombia.com\/?post_type=product&#038;p=1490"},"modified":"2022-04-03T14:59:13","modified_gmt":"2022-04-03T14:59:13","slug":"edge-guards","status":"publish","type":"product","link":"https:\/\/jmkride-colombia.com\/index.php\/product\/edge-guards\/","title":{"rendered":"EDGE GUARDS"},"content":{"rendered":"<p>Edge guards de caucho JMKRIDE, izquierdo y derecho intercambiables. Dos piezas del mismo color que proteger\u00e1n la pintura de tus decks, tus lijas y te dar\u00e1n una experiencia m\u00e1s suave y duradera&#8230;<br \/>\n\u00a1Los edge guards son un accesorio adicional que va en los decks de tus patines!<\/p>\n<p>&nbsp;<\/p>\n","protected":false},"excerpt":{"rendered":"<p>Edge guards de caucho JMKRIDE, izquierdo y derecho intercambiables. Dos piezas del mismo color que proteger\u00e1n la pintura de tus decks, tus lijas y te dar\u00e1n una experiencia m\u00e1s suave y duradera&#8230; \u00a1Los edge guards son un accesorio adicional que va en los decks de tus patines! &nbsp;<\/p>\n","protected":false},"featured_media":1491,"template":"","meta":{"site-sidebar-layout":"default","site-content-layout":"default","ast-site-content-layout":"","site-content-style":"default","site-sidebar-style":"default","ast-global-header-display":"","ast-banner-title-visibility":"","ast-main-header-display":"","ast-hfb-above-header-display":"","ast-hfb-below-header-display":"","ast-hfb-mobile-header-display":"","site-post-title":"","ast-breadcrumbs-content":"","ast-featured-img":"","footer-sml-layout":"","theme-transparent-header-meta":"default","adv-header-id-meta":"","stick-header-meta":"","header-above-stick-meta":"","header-main-stick-meta":"","header-below-stick-meta":"","astra-migrate-meta-layouts":"default","ast-page-background-enabled":"default","ast-page-background-meta":{"desktop":{"background-color":"","background-image":"","background-repeat":"repeat","background-position":"center center","background-size":"auto","background-attachment":"scroll","background-type":"","background-media":"","overlay-type":"","overlay-color":"","overlay-gradient":""},"tablet":{"background-color":"","background-image":"","background-repeat":"repeat","background-position":"center center","background-size":"auto","background-attachment":"scroll","background-type":"","background-media":"","overlay-type":"","overlay-color":"","overlay-gradient":""},"mobile":{"background-color":"","background-image":"","background-repeat":"repeat","background-position":"center center","background-size":"auto","background-attachment":"scroll","background-type":"","background-media":"","overlay-type":"","overlay-color":"","overlay-gradient":""}},"ast-content-background-meta":{"desktop":{"background-color":"var(--ast-global-color-5)","background-image":"","background-repeat":"repeat","background-position":"center center","background-size":"auto","background-attachment":"scroll","background-type":"","background-media":"","overlay-type":"","overlay-color":"","overlay-gradient":""},"tablet":{"background-color":"var(--ast-global-color-5)","background-image":"","background-repeat":"repeat","background-position":"center center","background-size":"auto","background-attachment":"scroll","background-type":"","background-media":"","overlay-type":"","overlay-color":"","overlay-gradient":""},"mobile":{"background-color":"var(--ast-global-color-5)","background-image":"","background-repeat":"repeat","background-position":"center center","background-size":"auto","background-attachment":"scroll","background-type":"","background-media":"","overlay-type":"","overlay-color":"","overlay-gradient":""}}},"product_cat":[23],"product_tag":[],"class_list":["post-1490","product","type-product","status-publish","has-post-thumbnail","hentry","product_cat-partes","desktop-align-left","tablet-align-left","mobile-align-left"],"jetpack_sharing_enabled":true,"_links":{"self":[{"href":"https:\/\/jmkride-colombia.com\/index.php\/wp-json\/wp\/v2\/product\/1490","targetHints":{"allow":["GET"]}}],"collection":[{"href":"https:\/\/jmkride-colombia.com\/index.php\/wp-json\/wp\/v2\/product"}],"about":[{"href":"https:\/\/jmkride-colombia.com\/index.php\/wp-json\/wp\/v2\/types\/product"}],"wp:featuredmedia":[{"embeddable":true,"href":"https:\/\/jmkride-colombia.com\/index.php\/wp-json\/wp\/v2\/media\/1491"}],"wp:attachment":[{"href":"https:\/\/jmkride-colombia.com\/index.php\/wp-json\/wp\/v2\/media?parent=1490"}],"wp:term":[{"taxonomy":"product_cat","embeddable":true,"href":"https:\/\/jmkride-colombia.com\/index.php\/wp-json\/wp\/v2\/product_cat?post=1490"},{"taxonomy":"product_tag","embeddable":true,"href":"https:\/\/jmkride-colombia.com\/index.php\/wp-json\/wp\/v2\/product_tag?post=1490"}],"curies":[{"name":"wp","href":"https:\/\/api.w.org\/{rel}","templated":true}]}}