{"id":463,"date":"2021-01-18T03:05:19","date_gmt":"2021-01-18T03:05:19","guid":{"rendered":"http:\/\/jmkride-colombia.com\/?page_id=463"},"modified":"2021-09-19T03:16:10","modified_gmt":"2021-09-19T03:16:10","slug":"aprende-a-rodar","status":"publish","type":"page","link":"https:\/\/jmkride-colombia.com\/index.php\/aprende-a-rodar\/","title":{"rendered":"Aprende a Rodar&#8230;."},"content":{"rendered":"\t\t<div data-elementor-type=\"wp-page\" data-elementor-id=\"463\" class=\"elementor elementor-463\" data-elementor-settings=\"[]\">\n\t\t\t\t\t\t<div class=\"elementor-inner\">\n\t\t\t\t\t\t\t<div class=\"elementor-section-wrap\">\n\t\t\t\t\t\t\t<section class=\"elementor-section elementor-top-section elementor-element elementor-element-778e76ef elementor-section-boxed elementor-section-height-default elementor-section-height-default\" data-id=\"778e76ef\" data-element_type=\"section\">\n\t\t\t\t\t\t<div class=\"elementor-container elementor-column-gap-default\">\n\t\t\t\t\t\t\t<div class=\"elementor-row\">\n\t\t\t\t\t<div class=\"elementor-column elementor-col-100 elementor-top-column elementor-element elementor-element-52e4e968\" data-id=\"52e4e968\" data-element_type=\"column\">\n\t\t\t<div class=\"elementor-column-wrap elementor-element-populated\">\n\t\t\t\t\t\t\t<div class=\"elementor-widget-wrap\">\n\t\t\t\t\t\t<div class=\"elementor-element elementor-element-36e5d439 elementor-widget elementor-widget-text-editor\" data-id=\"36e5d439\" data-element_type=\"widget\" data-widget_type=\"text-editor.default\">\n\t\t\t\t<div class=\"elementor-widget-container\">\n\t\t\t\t\t\t\t\t<div class=\"elementor-text-editor elementor-clearfix\">\n\t\t\t\t<p><!-- wp:heading {\"textAlign\":\"center\"} --><\/p>\n<h2 class=\"has-text-align-center\"> <span class=\"has-inline-color has-ast-global-color-0-color\"><strong>\u00a1vamos a empezar!<\/strong><\/span> <\/h2>\n<p><!-- \/wp:heading --><\/p>\n<p><!-- wp:columns --><\/p>\n<div class=\"wp-block-columns\">\n<div class=\"wp-block-column\">\n<p class=\"has-text-align-center\">Si est\u00e1s aqu\u00ed, probablemente te hayas dado cuenta de que aprender a patinar no es un paseo por el parque.&nbsp;\u00a1Pero no te preocupes!&nbsp;<\/p>\n<p class=\"has-text-align-center\"><span style=\"font-size: 16px; background-color: var(--ast-global-color-5);\">\u00a1En JMKRIDE nos enfocamos en nuestra comunidad, lo que significa&nbsp;<\/span><em style=\"font-size: 16px; background-color: var(--ast-global-color-5);\">USTED!<\/em><\/p>\n<p><!-- \/wp:paragraph --><\/p>\n<\/div>\n<p><!-- \/wp:column --><\/p>\n<div class=\"wp-block-column\">\n<p class=\"has-text-align-center\">Hemos preparado esta p\u00e1gina para que sea su gu\u00eda \u00fanica para llevarlo de un principiante tambaleante a un maestro del freeskate.<\/p>\n<p><!-- \/wp:paragraph --><\/p>\n<p><!-- wp:paragraph {\"align\":\"center\"} --><\/p>\n<p class=\"has-text-align-center\">Aqu\u00ed encontrar\u00e1&nbsp;tutoriales en <a href=\"https:\/\/jmkride-colombia.com\/index.php\/aprende-a-rodar\/\" data-type=\"URL\" data-id=\"https:\/\/jmkride-colombia.com\/index.php\/aprende-a-rodar\/\">video detallados&nbsp;y&nbsp;recursos de aprendizaje<\/a>&nbsp;para ayudarlo si se encuentra atascado.<\/p>\n<p><!-- \/wp:paragraph --><\/p>\n<\/div>\n<p><!-- \/wp:column --><\/p>\n<\/div>\n<p><!-- \/wp:columns --><\/p>\n<p><!-- wp:group --><\/p>\n<div class=\"wp-block-group\">\n<p><!-- wp:paragraph {\"align\":\"center\"} --><\/p>\n<p class=\"has-text-align-center\">Sea paciente y&nbsp;persistente&nbsp;.&nbsp;Dese unos d\u00edas, una buena dosis de esfuerzo, y antes de que te des cuenta,&nbsp;&nbsp;te garantizamos que podr\u00e1s &#8230;<\/p>\n<p><!-- \/wp:paragraph --><\/p>\n<\/div>\n<p><!-- \/wp:group --><\/p>\n<p><!-- wp:heading {\"textAlign\":\"center\"} --><\/p>\n<h2 class=\"has-text-align-center\"><span class=\"has-inline-color has-ast-global-color-0-color\">\u00a1<strong>RUEDA CON NOSOTROS!<\/strong><\/span><\/h2>\n<p><!-- \/wp:heading --><\/p>\n<p><!-- wp:list {\"fontSize\":\"medium\"} --><\/p>\n<ul class=\"has-medium-font-size\">\n<li><strong>Paso # 1. Consigue tu equipo.<\/strong><\/li>\n<\/ul>\n<p><!-- \/wp:list --><\/p>\n<p><!-- wp:embed {\"url\":\"https:\/\/www.youtube.com\/watch?v=dtCGyARJrqs\",\"type\":\"video\",\"providerNameSlug\":\"youtube\",\"responsive\":true,\"className\":\"wp-embed-aspect-16-9 wp-has-aspect-ratio\"} --><\/p>\n<figure class=\"wp-block-embed is-type-video is-provider-youtube wp-block-embed-youtube wp-embed-aspect-16-9 wp-has-aspect-ratio\">\n<div class=\"wp-block-embed__wrapper\">\n<div class=\"ast-oembed-container \" style=\"height: 100%;\"><iframe loading=\"lazy\" title=\"JMKRIDE Freeskates Assembly | Official Tutorial!\" width=\"500\" height=\"281\" src=\"https:\/\/www.youtube.com\/embed\/dtCGyARJrqs?feature=oembed\" frameborder=\"0\" allow=\"accelerometer; autoplay; clipboard-write; encrypted-media; gyroscope; picture-in-picture; web-share\" referrerpolicy=\"strict-origin-when-cross-origin\" allowfullscreen><\/iframe><\/div>\n<\/div>\n<figcaption>Junto con sus freeskates JMKRIDE, recomendamos llevar equipo de protecci\u00f3n como un casco y rodilleras.&nbsp;<br>Lea nuestras&nbsp;instrucciones de seguridad completas aqu\u00ed&nbsp;.<\/figcaption>\n<\/figure>\n<p><!-- \/wp:embed --><\/p>\n<p><!-- wp:list {\"fontSize\":\"medium\"} --><\/p>\n<ul class=\"has-medium-font-size\">\n<li><strong>Paso # 2. Encuentra tu lugar<\/strong>.<\/li>\n<\/ul>\n<p><!-- \/wp:list --><\/p>\n<p><!-- wp:paragraph --><\/p>\n<p>Algunos ingredientes clave para el dojo de freeskate ideal son:<\/p>\n<p><!-- \/wp:paragraph --><\/p>\n<p><!-- wp:list --><\/p>\n<ul>\n<li>Hormig\u00f3n \/ asfalto liso y bien abierto (\u00a1evite el tr\u00e1fico!)<\/li>\n<li>Ligera pendiente cuesta abajo (no podr\u00e1 impulsarse desde el d\u00eda 1)<\/li>\n<li>Una valla (\u00a1o un amigo!) A la que agarrarse.<\/li>\n<\/ul>\n<p><!-- \/wp:list --><\/p>\n<p><!-- wp:list {\"fontSize\":\"medium\"} --><\/p>\n<ul class=\"has-medium-font-size\">\n<li><strong>Paso # 3. \u00a1Mira y aprende!<\/strong><\/li>\n<\/ul>\n<p><!-- \/wp:list --><\/p>\n<p><!-- wp:paragraph --><\/p>\n<p>a)&nbsp;<strong>Descripci\u00f3n general e&nbsp;&nbsp;<\/strong><strong>introducci\u00f3n al patinaje libre.<\/strong><\/p>\n<p><!-- \/wp:paragraph --><\/p>\n<p><!-- wp:paragraph --><\/p>\n<p>&nbsp; &nbsp; * \u00a1Este es un excelente video de resumen general y es perfecto para comenzar de inmediato!&nbsp;&nbsp;*<\/p>\n<p><!-- \/wp:paragraph --><\/p>\n<p><!-- wp:embed {\"url\":\"https:\/\/www.youtube.com\/watch?v=GSGnekdO0Es\",\"type\":\"video\",\"providerNameSlug\":\"youtube\",\"responsive\":true,\"className\":\"wp-embed-aspect-16-9 wp-has-aspect-ratio\"} --><\/p>\n<figure class=\"wp-block-embed is-type-video is-provider-youtube wp-block-embed-youtube wp-embed-aspect-16-9 wp-has-aspect-ratio\">\n<div class=\"wp-block-embed__wrapper\">\n<div class=\"ast-oembed-container \" style=\"height: 100%;\"><iframe loading=\"lazy\" title=\"How to Freeskate | Beginner Tutorial!\" width=\"500\" height=\"281\" src=\"https:\/\/www.youtube.com\/embed\/GSGnekdO0Es?feature=oembed\" frameborder=\"0\" allow=\"accelerometer; autoplay; clipboard-write; encrypted-media; gyroscope; picture-in-picture; web-share\" referrerpolicy=\"strict-origin-when-cross-origin\" allowfullscreen><\/iframe><\/div>\n<\/div>\n<\/figure>\n<p><!-- \/wp:embed --><\/p>\n<p><!-- wp:paragraph --><\/p>\n<p>b)&nbsp;<strong>[En profundidad] \u00a1Empezando y yendo cuesta abajo!<\/strong><\/p>\n<p><!-- \/wp:paragraph --><\/p>\n<p><!-- wp:embed {\"url\":\"https:\/\/www.youtube.com\/watch?v=59qlTNcUeYc\",\"type\":\"video\",\"providerNameSlug\":\"youtube\",\"responsive\":true,\"className\":\"wp-embed-aspect-16-9 wp-has-aspect-ratio\"} --><\/p>\n<figure class=\"wp-block-embed is-type-video is-provider-youtube wp-block-embed-youtube wp-embed-aspect-16-9 wp-has-aspect-ratio\">\n<div class=\"wp-block-embed__wrapper\">\n<div class=\"ast-oembed-container \" style=\"height: 100%;\"><iframe loading=\"lazy\" title=\"Freeskates Basics | Everything You Need to Know!\" width=\"500\" height=\"281\" src=\"https:\/\/www.youtube.com\/embed\/59qlTNcUeYc?feature=oembed\" frameborder=\"0\" allow=\"accelerometer; autoplay; clipboard-write; encrypted-media; gyroscope; picture-in-picture; web-share\" referrerpolicy=\"strict-origin-when-cross-origin\" allowfullscreen><\/iframe><\/div>\n<\/div>\n<\/figure>\n<p><!-- \/wp:embed --><\/p>\n<p><!-- wp:paragraph --><\/p>\n<p>c)&nbsp;<strong>[En profundidad] \u00a1Autopropulsi\u00f3n y subida!<\/strong><\/p>\n<p><!-- \/wp:paragraph --><\/p>\n<p><!-- wp:embed {\"url\":\"https:\/\/www.youtube.com\/watch?v=l1_xDF97Gvg\",\"type\":\"video\",\"providerNameSlug\":\"youtube\",\"responsive\":true,\"className\":\"wp-embed-aspect-16-9 wp-has-aspect-ratio\"} --><\/p>\n<figure class=\"wp-block-embed is-type-video is-provider-youtube wp-block-embed-youtube wp-embed-aspect-16-9 wp-has-aspect-ratio\">\n<div class=\"wp-block-embed__wrapper\">\n<div class=\"ast-oembed-container \" style=\"height: 100%;\"><iframe loading=\"lazy\" title=\"How to Gain Speed on Freeskates\" width=\"500\" height=\"281\" src=\"https:\/\/www.youtube.com\/embed\/l1_xDF97Gvg?feature=oembed\" frameborder=\"0\" allow=\"accelerometer; autoplay; clipboard-write; encrypted-media; gyroscope; picture-in-picture; web-share\" referrerpolicy=\"strict-origin-when-cross-origin\" allowfullscreen><\/iframe><\/div>\n<\/div>\n<\/figure>\n<p><!-- \/wp:embed --><\/p>\n<p><!-- wp:paragraph --><\/p>\n<p>d)&nbsp;<strong>&nbsp;[Opcional] \u00a1Aprenda algunos trucos divertidos para desafiarse a s\u00ed mismo&nbsp;<\/strong><strong>e impresionar a sus amigos!<\/strong><\/p>\n<p><!-- \/wp:paragraph --><\/p>\n<p><!-- wp:embed {\"url\":\"https:\/\/www.youtube.com\/watch?v=DSN4KwcFJ2g\",\"type\":\"video\",\"providerNameSlug\":\"youtube\",\"responsive\":true,\"className\":\"wp-embed-aspect-16-9 wp-has-aspect-ratio\"} --><\/p>\n<figure class=\"wp-block-embed is-type-video is-provider-youtube wp-block-embed-youtube wp-embed-aspect-16-9 wp-has-aspect-ratio\">\n<div class=\"wp-block-embed__wrapper\">\n<div class=\"ast-oembed-container \" style=\"height: 100%;\"><iframe loading=\"lazy\" title=\"5 Easy Freeskates Tricks for Beginners\" width=\"500\" height=\"281\" src=\"https:\/\/www.youtube.com\/embed\/DSN4KwcFJ2g?feature=oembed\" frameborder=\"0\" allow=\"accelerometer; autoplay; clipboard-write; encrypted-media; gyroscope; picture-in-picture; web-share\" referrerpolicy=\"strict-origin-when-cross-origin\" allowfullscreen><\/iframe><\/div>\n<\/div>\n<\/figure>\n<p><!-- \/wp:embed --><\/p>\n<p><!-- wp:list {\"fontSize\":\"medium\"} --><\/p>\n<ul class=\"has-medium-font-size\">\n<li><strong>Paso 4: \u00a1No te rindas!<\/strong><\/li>\n<\/ul>\n<p><!-- \/wp:list --><\/p>\n<p><!-- wp:paragraph {\"align\":\"center\"} --><\/p>\n<p class=\"has-text-align-center\">En JMKRIDE estamos realmente comprometidos con el deporte.&nbsp;\u00a1No nos conformamos con venderte un par de patines que van a acumular polvo en un armario!&nbsp;Queremos que nuestros clientes sientan que tienen todas las instrucciones y recursos disponibles para que aprendan a montar nuestros patines.&nbsp;Moderamos varias comunidades y bandejas de entrada para brindarle la ayuda que se merece.<\/p>\n<p><!-- \/wp:paragraph --><\/p>\n<p><!-- wp:paragraph {\"align\":\"center\"} --><\/p>\n<p class=\"has-text-align-center\">\n<\/p><p><!-- \/wp:paragraph --><\/p>\n<p><!-- wp:paragraph {\"align\":\"center\"} --><\/p>\n<p class=\"has-text-align-center\">Al comunicarse, la mejor manera de ayudarnos a nosotros y a otros a ayudarlo es incluir&nbsp;un&nbsp;&nbsp;video de su mejor carrera&nbsp;, incluso si es solo una toma r\u00e1pida de un tel\u00e9fono celular apoyado en una roca.&nbsp;<\/p>\n<p><!-- \/wp:paragraph --><\/p>\n<p><!-- wp:paragraph {\"fontSize\":\"medium\"} --><\/p>\n<p class=\"has-medium-font-size\">Recursos de aprendizaje:<\/p>\n<p><!-- \/wp:paragraph --><\/p>\n<p><!-- wp:paragraph {\"fontSize\":\"medium\"} --><\/p>\n<p class=\"has-medium-font-size\">                     Nuestra comunidad en redes sociales<\/p>\n<p><!-- \/wp:paragraph --><\/p>\n<p><!-- wp:paragraph {\"fontSize\":\"medium\"} --><\/p>\n<p class=\"has-medium-font-size\">                     <a href=\"https:\/\/jmkride-colombia.com\/index.php\/contactenos\/\" data-type=\"URL\" data-id=\"https:\/\/jmkride-colombia.com\/index.php\/contactenos\/\"><span style=\"text-decoration: underline;\">Cont\u00e1ctenos<\/span><\/a><\/p>\n<p><!-- \/wp:paragraph --><\/p>\n<p><!-- wp:jetpack\/send-a-message --><\/p>\n<div class=\"wp-block-jetpack-send-a-message\">\n<p><!-- wp:jetpack\/whatsapp-button {\"countryCode\":\"57CO\",\"phoneNumber\":\"3505491594\"} --><\/p>\n<div class=\"wp-block-jetpack-whatsapp-button is-color-dark\"><a class=\"whatsapp-block__button\" href=\"https:\/\/api.whatsapp.com\/send?phone=573505491594&amp;text=Hi%2C%20I%20got%20your%20WhatsApp%20information%20from%20your%20website.\" style=\"background-color:#25D366;color:#fff\" target=\"_self\" rel=\"noopener noreferrer\">Escr\u00edbenos en WhatsApp<\/a><\/div>\n<p><!-- \/wp:jetpack\/whatsapp-button --><\/p>\n<\/div>\n<p><!-- \/wp:jetpack\/send-a-message --><\/p>\n<p><!-- wp:image {\"id\":464,\"width\":1033,\"height\":686,\"sizeSlug\":\"large\",\"linkDestination\":\"none\",\"className\":\"is-style-rounded\"} --><\/p>\n<figure class=\"wp-block-image size-large is-resized is-style-rounded\"><img loading=\"lazy\" decoding=\"async\" src=\"http:\/\/jmkride-colombia.com\/wp-content\/uploads\/2021\/01\/isamu-kink-1024x680.jpg\" alt=\"\" class=\"wp-image-464\" width=\"1033\" height=\"686\" srcset=\"https:\/\/jmkride-colombia.com\/wp-content\/uploads\/2021\/01\/isamu-kink-1024x680.jpg 1024w, https:\/\/jmkride-colombia.com\/wp-content\/uploads\/2021\/01\/isamu-kink-600x398.jpg 600w, https:\/\/jmkride-colombia.com\/wp-content\/uploads\/2021\/01\/isamu-kink-300x199.jpg 300w, https:\/\/jmkride-colombia.com\/wp-content\/uploads\/2021\/01\/isamu-kink-768x510.jpg 768w, https:\/\/jmkride-colombia.com\/wp-content\/uploads\/2021\/01\/isamu-kink-1536x1020.jpg 1536w, https:\/\/jmkride-colombia.com\/wp-content\/uploads\/2021\/01\/isamu-kink.jpg 2048w\" sizes=\"auto, (max-width: 1033px) 100vw, 1033px\" \/><p><\/p>\n<figcaption>ISAMU in 64 Park<\/figcaption>\n<\/figure>\n<p><!-- \/wp:image --><\/p>\n<p><!-- wp:paragraph --><\/p>\n<p><!-- \/wp:paragraph --><\/p>\t\t\t\t\t<\/div>\n\t\t\t\t\t\t<\/div>\n\t\t\t\t<\/div>\n\t\t\t\t\t\t<\/div>\n\t\t\t\t\t<\/div>\n\t\t<\/div>\n\t\t\t\t\t\t\t\t<\/div>\n\t\t\t\t\t<\/div>\n\t\t<\/section>\n\t\t\t\t\t\t<\/div>\n\t\t\t\t\t\t<\/div>\n\t\t\t\t\t<\/div>\n\t\t","protected":false},"excerpt":{"rendered":"<p>\u00a1vamos a empezar! Si est\u00e1s aqu\u00ed, probablemente te hayas dado cuenta de que aprender a patinar no es un paseo por el parque.&nbsp;\u00a1Pero no te preocupes!&nbsp; \u00a1En JMKRIDE nos enfocamos en nuestra comunidad, lo que significa&nbsp;USTED! Hemos preparado esta p\u00e1gina para que sea su gu\u00eda \u00fanica para llevarlo de un principiante tambaleante a un maestro &hellip;<\/p>\n<p class=\"read-more\"> <a class=\"\" href=\"https:\/\/jmkride-colombia.com\/index.php\/aprende-a-rodar\/\"> <span class=\"screen-reader-text\">Aprende a Rodar&#8230;.<\/span> Leer m\u00e1s &raquo;<\/a><\/p>\n","protected":false},"author":1,"featured_media":0,"parent":0,"menu_order":3,"comment_status":"closed","ping_status":"closed","template":"elementor_theme","meta":{"site-sidebar-layout":"default","site-content-layout":"default","ast-site-content-layout":"","site-content-style":"default","site-sidebar-style":"default","ast-global-header-display":"","ast-banner-title-visibility":"","ast-main-header-display":"","ast-hfb-above-header-display":"","ast-hfb-below-header-display":"","ast-hfb-mobile-header-display":"","site-post-title":"","ast-breadcrumbs-content":"","ast-featured-img":"","footer-sml-layout":"","theme-transparent-header-meta":"default","adv-header-id-meta":"","stick-header-meta":"","header-above-stick-meta":"","header-main-stick-meta":"","header-below-stick-meta":"","astra-migrate-meta-layouts":"default","ast-page-background-enabled":"default","ast-page-background-meta":{"desktop":{"background-color":"","background-image":"","background-repeat":"repeat","background-position":"center center","background-size":"auto","background-attachment":"scroll","background-type":"","background-media":"","overlay-type":"","overlay-color":"","overlay-gradient":""},"tablet":{"background-color":"","background-image":"","background-repeat":"repeat","background-position":"center center","background-size":"auto","background-attachment":"scroll","background-type":"","background-media":"","overlay-type":"","overlay-color":"","overlay-gradient":""},"mobile":{"background-color":"","background-image":"","background-repeat":"repeat","background-position":"center center","background-size":"auto","background-attachment":"scroll","background-type":"","background-media":"","overlay-type":"","overlay-color":"","overlay-gradient":""}},"ast-content-background-meta":{"desktop":{"background-color":"var(--ast-global-color-5)","background-image":"","background-repeat":"repeat","background-position":"center center","background-size":"auto","background-attachment":"scroll","background-type":"","background-media":"","overlay-type":"","overlay-color":"","overlay-gradient":""},"tablet":{"background-color":"var(--ast-global-color-5)","background-image":"","background-repeat":"repeat","background-position":"center center","background-size":"auto","background-attachment":"scroll","background-type":"","background-media":"","overlay-type":"","overlay-color":"","overlay-gradient":""},"mobile":{"background-color":"var(--ast-global-color-5)","background-image":"","background-repeat":"repeat","background-position":"center center","background-size":"auto","background-attachment":"scroll","background-type":"","background-media":"","overlay-type":"","overlay-color":"","overlay-gradient":""}},"footnotes":""},"class_list":["post-463","page","type-page","status-publish","hentry"],"jetpack_sharing_enabled":true,"_links":{"self":[{"href":"https:\/\/jmkride-colombia.com\/index.php\/wp-json\/wp\/v2\/pages\/463","targetHints":{"allow":["GET"]}}],"collection":[{"href":"https:\/\/jmkride-colombia.com\/index.php\/wp-json\/wp\/v2\/pages"}],"about":[{"href":"https:\/\/jmkride-colombia.com\/index.php\/wp-json\/wp\/v2\/types\/page"}],"author":[{"embeddable":true,"href":"https:\/\/jmkride-colombia.com\/index.php\/wp-json\/wp\/v2\/users\/1"}],"replies":[{"embeddable":true,"href":"https:\/\/jmkride-colombia.com\/index.php\/wp-json\/wp\/v2\/comments?post=463"}],"version-history":[{"count":25,"href":"https:\/\/jmkride-colombia.com\/index.php\/wp-json\/wp\/v2\/pages\/463\/revisions"}],"predecessor-version":[{"id":1037,"href":"https:\/\/jmkride-colombia.com\/index.php\/wp-json\/wp\/v2\/pages\/463\/revisions\/1037"}],"wp:attachment":[{"href":"https:\/\/jmkride-colombia.com\/index.php\/wp-json\/wp\/v2\/media?parent=463"}],"curies":[{"name":"wp","href":"https:\/\/api.w.org\/{rel}","templated":true}]}}