{"id":449,"date":"2018-11-27T09:17:08","date_gmt":"2018-11-27T09:17:08","guid":{"rendered":"http:\/\/jmkride-colombia.com\/index.php\/about\/"},"modified":"2022-01-21T09:02:15","modified_gmt":"2022-01-21T09:02:15","slug":"nuestra-historia","status":"publish","type":"page","link":"https:\/\/jmkride-colombia.com\/index.php\/nuestra-historia\/","title":{"rendered":"Nuestra Historia"},"content":{"rendered":"\t\t<div data-elementor-type=\"wp-page\" data-elementor-id=\"449\" class=\"elementor elementor-449\" data-elementor-settings=\"[]\">\n\t\t\t\t\t\t<div class=\"elementor-inner\">\n\t\t\t\t\t\t\t<div class=\"elementor-section-wrap\">\n\t\t\t\t\t\t\t<section class=\"elementor-section elementor-top-section elementor-element elementor-element-69df7cb elementor-section-full_width elementor-section-height-min-height elementor-section-height-default elementor-section-items-middle\" data-id=\"69df7cb\" data-element_type=\"section\">\n\t\t\t\t\t\t<div class=\"elementor-container elementor-column-gap-default\">\n\t\t\t\t\t\t\t<div class=\"elementor-row\">\n\t\t\t\t\t<div class=\"elementor-column elementor-col-100 elementor-top-column elementor-element elementor-element-6ecb15b\" data-id=\"6ecb15b\" data-element_type=\"column\">\n\t\t\t<div class=\"elementor-column-wrap elementor-element-populated\">\n\t\t\t\t\t\t\t<div class=\"elementor-widget-wrap\">\n\t\t\t\t\t\t<div class=\"elementor-element elementor-element-70e658e elementor-widget elementor-widget-image\" data-id=\"70e658e\" data-element_type=\"widget\" data-widget_type=\"image.default\">\n\t\t\t\t<div class=\"elementor-widget-container\">\n\t\t\t\t\t\t\t\t<div class=\"elementor-image\">\n\t\t\t\t\t\t\t\t\t<figure class=\"wp-caption\">\n\t\t\t\t\t\t\t\t\t\t<img loading=\"lazy\" decoding=\"async\" width=\"1280\" height=\"720\" src=\"https:\/\/jmkride-colombia.com\/wp-content\/uploads\/2021\/09\/maxresdefault.jpg\" class=\"elementor-animation-shrink attachment-full size-full\" alt=\"\" srcset=\"https:\/\/jmkride-colombia.com\/wp-content\/uploads\/2021\/09\/maxresdefault.jpg 1280w, https:\/\/jmkride-colombia.com\/wp-content\/uploads\/2021\/09\/maxresdefault-300x169.jpg 300w, https:\/\/jmkride-colombia.com\/wp-content\/uploads\/2021\/09\/maxresdefault-1024x576.jpg 1024w, https:\/\/jmkride-colombia.com\/wp-content\/uploads\/2021\/09\/maxresdefault-768x432.jpg 768w, https:\/\/jmkride-colombia.com\/wp-content\/uploads\/2021\/09\/maxresdefault-600x338.jpg 600w\" sizes=\"auto, (max-width: 1280px) 100vw, 1280px\" \/>\t\t\t\t\t\t\t\t\t\t\t<figcaption class=\"widget-image-caption wp-caption-text\"><\/figcaption>\n\t\t\t\t\t\t\t\t\t\t<\/figure>\n\t\t\t\t\t\t\t\t<\/div>\n\t\t\t\t\t\t<\/div>\n\t\t\t\t<\/div>\n\t\t\t\t\t\t<\/div>\n\t\t\t\t\t<\/div>\n\t\t<\/div>\n\t\t\t\t\t\t\t\t<\/div>\n\t\t\t\t\t<\/div>\n\t\t<\/section>\n\t\t\t\t<section class=\"elementor-section elementor-top-section elementor-element elementor-element-5c40d7b elementor-section-boxed elementor-section-height-default elementor-section-height-default\" data-id=\"5c40d7b\" data-element_type=\"section\">\n\t\t\t\t\t\t<div class=\"elementor-container elementor-column-gap-default\">\n\t\t\t\t\t\t\t<div class=\"elementor-row\">\n\t\t\t\t\t<div class=\"elementor-column elementor-col-50 elementor-top-column elementor-element elementor-element-2ebbf9c\" data-id=\"2ebbf9c\" data-element_type=\"column\">\n\t\t\t<div class=\"elementor-column-wrap elementor-element-populated\">\n\t\t\t\t\t\t\t<div class=\"elementor-widget-wrap\">\n\t\t\t\t\t\t<div class=\"elementor-element elementor-element-fe195c7 elementor-widget elementor-widget-heading\" data-id=\"fe195c7\" data-element_type=\"widget\" data-widget_type=\"heading.default\">\n\t\t\t\t<div class=\"elementor-widget-container\">\n\t\t\t<h2 class=\"elementor-heading-title elementor-size-default\">JMKRIDE<\/h2>\t\t<\/div>\n\t\t\t\t<\/div>\n\t\t\t\t<div class=\"elementor-element elementor-element-dc051dd elementor-widget-divider--view-line elementor-widget elementor-widget-divider\" data-id=\"dc051dd\" data-element_type=\"widget\" data-widget_type=\"divider.default\">\n\t\t\t\t<div class=\"elementor-widget-container\">\n\t\t\t\t\t<div class=\"elementor-divider\">\n\t\t\t<span class=\"elementor-divider-separator\">\n\t\t\t\t\t\t<\/span>\n\t\t<\/div>\n\t\t\t\t<\/div>\n\t\t\t\t<\/div>\n\t\t\t\t<div class=\"elementor-element elementor-element-e5f497e elementor-widget elementor-widget-text-editor\" data-id=\"e5f497e\" data-element_type=\"widget\" data-widget_type=\"text-editor.default\">\n\t\t\t\t<div class=\"elementor-widget-container\">\n\t\t\t\t\t\t\t\t<div class=\"elementor-text-editor elementor-clearfix\">\n\t\t\t\t<p style=\"text-align: center;\"><span style=\"color: #333333;\"><span style=\"vertical-align: inherit; background: transparent; font-family: avenir-lt-w01_35-light1475496, sans-serif; font-size: 17px; font-style: normal; font-weight: 400; letter-spacing: 0.34px; text-align: center;\">Des<\/span><span style=\"vertical-align: inherit; background: transparent; font-family: avenir-lt-w01_35-light1475496, sans-serif; font-size: 17px; font-style: normal; letter-spacing: 0.34px; text-align: center;\">de 2015, JMKRIDE se ha dedicado a hacer crecer y a apoyar el deporte del patinaje libre. <\/span><span style=\"vertical-align: inherit; background: transparent; font-family: avenir-lt-w01_35-light1475496, sans-serif; font-size: 17px; font-style: normal; letter-spacing: 0.34px; text-align: center;\">Mientras que otras empresas de venta de freeskate se benefician an\u00f3nimamente del mercado de freeskate, nosotros en JMKRIDE reinvertimos nuestro tiempo y dinero en la comunidad de freeskate, tanto en persona, a trav\u00e9s de eventos locales y reuniones, as\u00ed como en l\u00ednea, manteniendo varias p\u00e1ginas de redes soc<\/span><span style=\"vertical-align: inherit; background: transparent; font-family: avenir-lt-w01_35-light1475496, sans-serif; font-size: 17px; font-style: normal; font-weight: 400; letter-spacing: 0.34px; text-align: center;\">iales y foros grupales en Estados Unidos, ahora en Colombia y pronto por el resto del mundo.\u00a0<\/span><\/span><\/p>\t\t\t\t\t<\/div>\n\t\t\t\t\t\t<\/div>\n\t\t\t\t<\/div>\n\t\t\t\t<div class=\"elementor-element elementor-element-5dcd18a elementor-widget elementor-widget-text-editor\" data-id=\"5dcd18a\" data-element_type=\"widget\" data-widget_type=\"text-editor.default\">\n\t\t\t\t<div class=\"elementor-widget-container\">\n\t\t\t\t\t\t\t\t<div class=\"elementor-text-editor elementor-clearfix\">\n\t\t\t\t<p style=\"text-align: center;\"><span style=\"color: #333333;\"><span style=\"vertical-align: inherit; background: transparent; font-family: avenir-lt-w01_35-light1475496, sans-serif; font-size: 17px; font-style: normal; font-weight: 400; letter-spacing: 0.34px; text-align: center;\">Vemos un futuro brillante para el patinaje libre en el horizonte.\u00a0<\/span><span style=\"vertical-align: inherit; background: transparent; font-family: avenir-lt-w01_35-light1475496, sans-serif; font-size: 17px; font-style: normal; font-weight: 400; letter-spacing: 0.34px; text-align: center;\">No se lo pierda y \u00fanase a nosotros para marcar el comienzo de la pr\u00f3xima revoluci\u00f3n en el patinaje impulsado por humanos.\u00a0<\/span><span style=\"vertical-align: inherit; background: transparent; font-family: avenir-lt-w01_35-light1475496, sans-serif; font-size: 17px; font-style: normal; font-weight: 400; letter-spacing: 0.34px; text-align: center;\">Ruede con nosotros.<\/span><\/span><\/p>\t\t\t\t\t<\/div>\n\t\t\t\t\t\t<\/div>\n\t\t\t\t<\/div>\n\t\t\t\t\t\t<\/div>\n\t\t\t\t\t<\/div>\n\t\t<\/div>\n\t\t\t\t<div class=\"elementor-column elementor-col-50 elementor-top-column elementor-element elementor-element-e5fdae0\" data-id=\"e5fdae0\" data-element_type=\"column\">\n\t\t\t<div class=\"elementor-column-wrap elementor-element-populated\">\n\t\t\t\t\t\t\t<div class=\"elementor-widget-wrap\">\n\t\t\t\t\t\t<div class=\"elementor-element elementor-element-96b5b53 elementor-widget elementor-widget-image\" data-id=\"96b5b53\" data-element_type=\"widget\" data-widget_type=\"image.default\">\n\t\t\t\t<div class=\"elementor-widget-container\">\n\t\t\t\t\t\t\t\t<div class=\"elementor-image\">\n\t\t\t\t\t\t\t\t\t\t\t\t<img loading=\"lazy\" decoding=\"async\" width=\"1080\" height=\"1080\" src=\"https:\/\/jmkride-colombia.com\/wp-content\/uploads\/2021\/09\/WhatsApp-Image-2021-09-18-at-14.52.58-2.jpeg\" class=\"attachment-full size-full\" alt=\"\" srcset=\"https:\/\/jmkride-colombia.com\/wp-content\/uploads\/2021\/09\/WhatsApp-Image-2021-09-18-at-14.52.58-2.jpeg 1080w, https:\/\/jmkride-colombia.com\/wp-content\/uploads\/2021\/09\/WhatsApp-Image-2021-09-18-at-14.52.58-2-300x300.jpeg 300w, https:\/\/jmkride-colombia.com\/wp-content\/uploads\/2021\/09\/WhatsApp-Image-2021-09-18-at-14.52.58-2-1024x1024.jpeg 1024w, https:\/\/jmkride-colombia.com\/wp-content\/uploads\/2021\/09\/WhatsApp-Image-2021-09-18-at-14.52.58-2-150x150.jpeg 150w, https:\/\/jmkride-colombia.com\/wp-content\/uploads\/2021\/09\/WhatsApp-Image-2021-09-18-at-14.52.58-2-768x768.jpeg 768w, https:\/\/jmkride-colombia.com\/wp-content\/uploads\/2021\/09\/WhatsApp-Image-2021-09-18-at-14.52.58-2-600x600.jpeg 600w, https:\/\/jmkride-colombia.com\/wp-content\/uploads\/2021\/09\/WhatsApp-Image-2021-09-18-at-14.52.58-2-100x100.jpeg 100w\" sizes=\"auto, (max-width: 1080px) 100vw, 1080px\" \/>\t\t\t\t\t\t\t\t\t\t\t\t\t\t<\/div>\n\t\t\t\t\t\t<\/div>\n\t\t\t\t<\/div>\n\t\t\t\t\t\t<\/div>\n\t\t\t\t\t<\/div>\n\t\t<\/div>\n\t\t\t\t\t\t\t\t<\/div>\n\t\t\t\t\t<\/div>\n\t\t<\/section>\n\t\t\t\t\t\t<\/div>\n\t\t\t\t\t\t<\/div>\n\t\t\t\t\t<\/div>\n\t\t","protected":false},"excerpt":{"rendered":"<p>JMKRIDE Desde 2015, JMKRIDE se ha dedicado a hacer crecer y a apoyar el deporte del patinaje libre. Mientras que otras empresas de venta de freeskate se benefician an\u00f3nimamente del mercado de freeskate, nosotros en JMKRIDE reinvertimos nuestro tiempo y dinero en la comunidad de freeskate, tanto en persona, a trav\u00e9s de eventos locales y &hellip;<\/p>\n<p class=\"read-more\"> <a class=\"\" href=\"https:\/\/jmkride-colombia.com\/index.php\/nuestra-historia\/\"> <span class=\"screen-reader-text\">Nuestra Historia<\/span> Leer m\u00e1s &raquo;<\/a><\/p>\n","protected":false},"author":1,"featured_media":0,"parent":0,"menu_order":2,"comment_status":"closed","ping_status":"closed","template":"","meta":{"site-sidebar-layout":"no-sidebar","site-content-layout":"page-builder","ast-site-content-layout":"","site-content-style":"default","site-sidebar-style":"default","ast-global-header-display":"","ast-banner-title-visibility":"","ast-main-header-display":"","ast-hfb-above-header-display":"","ast-hfb-below-header-display":"","ast-hfb-mobile-header-display":"","site-post-title":"disabled","ast-breadcrumbs-content":"","ast-featured-img":"disabled","footer-sml-layout":"","theme-transparent-header-meta":"enabled","adv-header-id-meta":"","stick-header-meta":"","header-above-stick-meta":"","header-main-stick-meta":"","header-below-stick-meta":"","astra-migrate-meta-layouts":"default","ast-page-background-enabled":"default","ast-page-background-meta":{"desktop":{"background-color":"","background-image":"","background-repeat":"repeat","background-position":"center center","background-size":"auto","background-attachment":"scroll","background-type":"","background-media":"","overlay-type":"","overlay-color":"","overlay-gradient":""},"tablet":{"background-color":"","background-image":"","background-repeat":"repeat","background-position":"center center","background-size":"auto","background-attachment":"scroll","background-type":"","background-media":"","overlay-type":"","overlay-color":"","overlay-gradient":""},"mobile":{"background-color":"","background-image":"","background-repeat":"repeat","background-position":"center center","background-size":"auto","background-attachment":"scroll","background-type":"","background-media":"","overlay-type":"","overlay-color":"","overlay-gradient":""}},"ast-content-background-meta":{"desktop":{"background-color":"var(--ast-global-color-5)","background-image":"","background-repeat":"repeat","background-position":"center center","background-size":"auto","background-attachment":"scroll","background-type":"","background-media":"","overlay-type":"","overlay-color":"","overlay-gradient":""},"tablet":{"background-color":"var(--ast-global-color-5)","background-image":"","background-repeat":"repeat","background-position":"center center","background-size":"auto","background-attachment":"scroll","background-type":"","background-media":"","overlay-type":"","overlay-color":"","overlay-gradient":""},"mobile":{"background-color":"var(--ast-global-color-5)","background-image":"","background-repeat":"repeat","background-position":"center center","background-size":"auto","background-attachment":"scroll","background-type":"","background-media":"","overlay-type":"","overlay-color":"","overlay-gradient":""}},"footnotes":""},"class_list":["post-449","page","type-page","status-publish","hentry"],"jetpack_sharing_enabled":true,"_links":{"self":[{"href":"https:\/\/jmkride-colombia.com\/index.php\/wp-json\/wp\/v2\/pages\/449","targetHints":{"allow":["GET"]}}],"collection":[{"href":"https:\/\/jmkride-colombia.com\/index.php\/wp-json\/wp\/v2\/pages"}],"about":[{"href":"https:\/\/jmkride-colombia.com\/index.php\/wp-json\/wp\/v2\/types\/page"}],"author":[{"embeddable":true,"href":"https:\/\/jmkride-colombia.com\/index.php\/wp-json\/wp\/v2\/users\/1"}],"replies":[{"embeddable":true,"href":"https:\/\/jmkride-colombia.com\/index.php\/wp-json\/wp\/v2\/comments?post=449"}],"version-history":[{"count":54,"href":"https:\/\/jmkride-colombia.com\/index.php\/wp-json\/wp\/v2\/pages\/449\/revisions"}],"predecessor-version":[{"id":1486,"href":"https:\/\/jmkride-colombia.com\/index.php\/wp-json\/wp\/v2\/pages\/449\/revisions\/1486"}],"wp:attachment":[{"href":"https:\/\/jmkride-colombia.com\/index.php\/wp-json\/wp\/v2\/media?parent=449"}],"curies":[{"name":"wp","href":"https:\/\/api.w.org\/{rel}","templated":true}]}}